{"id":2,"date":"2025-08-29T11:40:20","date_gmt":"2025-08-29T09:40:20","guid":{"rendered":"http:\/\/villadrawa.com\/?page_id=2"},"modified":"2025-09-17T15:30:41","modified_gmt":"2025-09-17T13:30:41","slug":"cisza-natura-relaks","status":"publish","type":"page","link":"https:\/\/villadrawa.com\/","title":{"rendered":"Cisza, natura, relaks"},"content":{"rendered":"\n<p class=\"has-small-font-size\">Villa Drawa to urokliwe miejsce z bogat\u0105 histori\u0105, kt\u00f3ra si\u0119ga 1758 roku. Obiekt po\u0142o\u017cony jest w pobli\u017cu Drawie\u0144skiego Parku Narodowego, w Przeborowie, kt\u00f3re jest prawdziw\u0105 oaz\u0105 spokoju i relaksu. Okolica s\u0142ynie z dziewiczej przyrody, kt\u00f3r\u0105 podziwia\u0107 b\u0119dziecie mogli podczas malowniczych sp\u0142yw\u00f3w kajakowych. Teren Villi bezpo\u015brednio graniczy z rzek\u0105 Draw\u0105. Villa Drawa to miejsce idealne zar\u00f3wno na organizacj\u0119 wyj\u0105tkowych imprez okoliczno\u015bciowych, jak i na wypoczynek w gronie rodziny czy przyjaci\u00f3\u0142. Sercem naszego obiektu jest pyszna, domowa kuchnia staropolska, przygotowywana wed\u0142ug tradycyjnych przepis\u00f3w i z wykorzystaniem zawsze \u015bwie\u017cych, lokalnych produkt\u00f3w. Do dyspozycji go\u015bci udost\u0119pniamy 50 miejsc noclegowych (w tym przestronny apartament), salon clubowy w stylu my\u015bliwskim z kominkiem, zabytkow\u0105 piwnic\u0119 w stylu rustykalnym (dawn\u0105 winiarni\u0119 pastora) oraz sal\u0119 konferencyjno-wyk\u0142adow\u0105. Ka\u017cdy pok\u00f3j wyposa\u017cony jest w \u0142azienk\u0119. Dodatkowo na terenie obiektu znajduj\u0105 si\u0119 miejsca na ogniska, liczne \u0142awki, krzes\u0142a i sto\u0142y, a tak\u017ce boisko sportowe do pi\u0142ki no\u017cnej, siatk\u00f3wki i koszyk\u00f3wki.<\/p>\n\n\n\n<p class=\"has-small-font-size\">Organizujemy:<br>&#8211; indywidualne pobyty rekreacyjne i wypoczynkowe,<br>&#8211; ceremonie \u015blubne, przyj\u0119cia weselne,<br>&#8211; komunie, chrzty i inne uroczysto\u015bci rodzinne,<br>&#8211; imprezy w plenerze,<br>&#8211; konferencje, seminaria i spotkania integracyjne dla firm,<br>&#8211; sp\u0142ywy kajakowe rzek\u0105 Draw\u0105,<br>&#8211; jazdy terenowe Land Roverami,<br>&#8211; przejazdy historycznym brekiem.<br><br>Ponad dwudziestoletnie do\u015bwiadczenie, sprawia, \u017ce w najlepszy spos\u00f3b potrafimy zadba\u0107 o naszych go\u015bci, zapewniaj\u0105c im wypoczynek, relaks oraz pi\u0119kne wspomnienia. \ud83d\ude42<\/p>\n\n\n\n<iframe src=\"https:\/\/www.google.com\/maps\/embed?pb=!1m18!1m12!1m3!1d2405.302536806417!2d15.970146776946956!3d52.92498220616698!2m3!1f0!2f0!3f0!3m2!1i1024!2i768!4f13.1!3m3!1m2!1s0x4706b5c07c74e749%3A0xe653c9ce4576613c!2sVilla%20Drawa%20-%20sp%C5%82ywy%20kajakowe%2C%20noclegi%20ze%20%C5%9Bniadaniem!5e0!3m2!1spl!2spl!4v1758114028138!5m2!1spl!2spl\" width=\"850\" height=\"600\" style=\"border:0;\" allowfullscreen=\"\" loading=\"lazy\" referrerpolicy=\"no-referrer-when-downgrade\"><\/iframe>\n","protected":false},"excerpt":{"rendered":"<p>Villa Drawa to urokliwe miejsce z bogat\u0105 histori\u0105, kt\u00f3ra si\u0119ga 1758 roku. Obiekt po\u0142o\u017cony jest w pobli\u017cu Drawie\u0144skiego Parku Narodowego,<\/p>\n<p><a href=\"https:\/\/villadrawa.com\/\" class=\"more-link\">Continue reading<span class=\"screen-reader-text\">Cisza, natura, relaks<\/span><\/a><\/p>\n","protected":false},"author":1,"featured_media":0,"parent":0,"menu_order":0,"comment_status":"closed","ping_status":"closed","template":"","meta":{"footnotes":""},"class_list":["post-2","page","type-page","status-publish","hentry"],"yoast_head":"<!-- This site is optimized with the Yoast SEO plugin v25.9 - https:\/\/yoast.com\/wordpress\/plugins\/seo\/ -->\n<title>Cisza, natura, relaks - VILLA DRAWA<\/title>\n<meta name=\"description\" content=\"Villa Drawa to miejsce idealne zar\u00f3wno na organizacj\u0119 wyj\u0105tkowych imprez okoliczno\u015bciowych, jak i na wypoczynek w gronie rodziny czy przyjaci\u00f3\u0142.\" \/>\n<meta name=\"robots\" content=\"index, follow, max-snippet:-1, max-image-preview:large, max-video-preview:-1\" \/>\n<link rel=\"canonical\" href=\"https:\/\/villadrawa.com\/\" \/>\n<meta property=\"og:locale\" content=\"en_US\" \/>\n<meta property=\"og:type\" content=\"article\" \/>\n<meta property=\"og:title\" content=\"Cisza, natura, relaks - VILLA DRAWA\" \/>\n<meta property=\"og:description\" content=\"Villa Drawa to miejsce idealne zar\u00f3wno na organizacj\u0119 wyj\u0105tkowych imprez okoliczno\u015bciowych, jak i na wypoczynek w gronie rodziny czy przyjaci\u00f3\u0142.\" \/>\n<meta property=\"og:url\" content=\"https:\/\/villadrawa.com\/\" \/>\n<meta property=\"og:site_name\" content=\"VILLA DRAWA\" \/>\n<meta property=\"article:modified_time\" content=\"2025-09-17T13:30:41+00:00\" \/>\n<meta name=\"twitter:card\" content=\"summary_large_image\" \/>\n<meta name=\"twitter:label1\" content=\"Est. reading time\" \/>\n\t<meta name=\"twitter:data1\" content=\"2 minutes\" \/>\n<script type=\"application\/ld+json\" class=\"yoast-schema-graph\">{\"@context\":\"https:\/\/schema.org\",\"@graph\":[{\"@type\":\"WebPage\",\"@id\":\"https:\/\/villadrawa.com\/\",\"url\":\"https:\/\/villadrawa.com\/\",\"name\":\"Cisza, natura, relaks - VILLA DRAWA\",\"isPartOf\":{\"@id\":\"https:\/\/villadrawa.com\/#website\"},\"datePublished\":\"2025-08-29T09:40:20+00:00\",\"dateModified\":\"2025-09-17T13:30:41+00:00\",\"description\":\"Villa Drawa to miejsce idealne zar\u00f3wno na organizacj\u0119 wyj\u0105tkowych imprez okoliczno\u015bciowych, jak i na wypoczynek w gronie rodziny czy przyjaci\u00f3\u0142.\",\"breadcrumb\":{\"@id\":\"https:\/\/villadrawa.com\/#breadcrumb\"},\"inLanguage\":\"en-US\",\"potentialAction\":[{\"@type\":\"ReadAction\",\"target\":[\"https:\/\/villadrawa.com\/\"]}]},{\"@type\":\"BreadcrumbList\",\"@id\":\"https:\/\/villadrawa.com\/#breadcrumb\",\"itemListElement\":[{\"@type\":\"ListItem\",\"position\":1,\"name\":\"Home\",\"item\":\"https:\/\/villadrawa.com\/\"},{\"@type\":\"ListItem\",\"position\":2,\"name\":\"Cisza, natura, relaks\"}]},{\"@type\":\"WebSite\",\"@id\":\"https:\/\/villadrawa.com\/#website\",\"url\":\"https:\/\/villadrawa.com\/\",\"name\":\"VILLA DRAWA\",\"description\":\"\",\"potentialAction\":[{\"@type\":\"SearchAction\",\"target\":{\"@type\":\"EntryPoint\",\"urlTemplate\":\"https:\/\/villadrawa.com\/?s={search_term_string}\"},\"query-input\":{\"@type\":\"PropertyValueSpecification\",\"valueRequired\":true,\"valueName\":\"search_term_string\"}}],\"inLanguage\":\"en-US\"}]}<\/script>\n<!-- \/ Yoast SEO plugin. -->","yoast_head_json":{"title":"Cisza, natura, relaks - VILLA DRAWA","description":"Villa Drawa to miejsce idealne zar\u00f3wno na organizacj\u0119 wyj\u0105tkowych imprez okoliczno\u015bciowych, jak i na wypoczynek w gronie rodziny czy przyjaci\u00f3\u0142.","robots":{"index":"index","follow":"follow","max-snippet":"max-snippet:-1","max-image-preview":"max-image-preview:large","max-video-preview":"max-video-preview:-1"},"canonical":"https:\/\/villadrawa.com\/","og_locale":"en_US","og_type":"article","og_title":"Cisza, natura, relaks - VILLA DRAWA","og_description":"Villa Drawa to miejsce idealne zar\u00f3wno na organizacj\u0119 wyj\u0105tkowych imprez okoliczno\u015bciowych, jak i na wypoczynek w gronie rodziny czy przyjaci\u00f3\u0142.","og_url":"https:\/\/villadrawa.com\/","og_site_name":"VILLA DRAWA","article_modified_time":"2025-09-17T13:30:41+00:00","twitter_card":"summary_large_image","twitter_misc":{"Est. reading time":"2 minutes"},"schema":{"@context":"https:\/\/schema.org","@graph":[{"@type":"WebPage","@id":"https:\/\/villadrawa.com\/","url":"https:\/\/villadrawa.com\/","name":"Cisza, natura, relaks - VILLA DRAWA","isPartOf":{"@id":"https:\/\/villadrawa.com\/#website"},"datePublished":"2025-08-29T09:40:20+00:00","dateModified":"2025-09-17T13:30:41+00:00","description":"Villa Drawa to miejsce idealne zar\u00f3wno na organizacj\u0119 wyj\u0105tkowych imprez okoliczno\u015bciowych, jak i na wypoczynek w gronie rodziny czy przyjaci\u00f3\u0142.","breadcrumb":{"@id":"https:\/\/villadrawa.com\/#breadcrumb"},"inLanguage":"en-US","potentialAction":[{"@type":"ReadAction","target":["https:\/\/villadrawa.com\/"]}]},{"@type":"BreadcrumbList","@id":"https:\/\/villadrawa.com\/#breadcrumb","itemListElement":[{"@type":"ListItem","position":1,"name":"Home","item":"https:\/\/villadrawa.com\/"},{"@type":"ListItem","position":2,"name":"Cisza, natura, relaks"}]},{"@type":"WebSite","@id":"https:\/\/villadrawa.com\/#website","url":"https:\/\/villadrawa.com\/","name":"VILLA DRAWA","description":"","potentialAction":[{"@type":"SearchAction","target":{"@type":"EntryPoint","urlTemplate":"https:\/\/villadrawa.com\/?s={search_term_string}"},"query-input":{"@type":"PropertyValueSpecification","valueRequired":true,"valueName":"search_term_string"}}],"inLanguage":"en-US"}]}},"_links":{"self":[{"href":"https:\/\/villadrawa.com\/index.php?rest_route=\/wp\/v2\/pages\/2","targetHints":{"allow":["GET"]}}],"collection":[{"href":"https:\/\/villadrawa.com\/index.php?rest_route=\/wp\/v2\/pages"}],"about":[{"href":"https:\/\/villadrawa.com\/index.php?rest_route=\/wp\/v2\/types\/page"}],"author":[{"embeddable":true,"href":"https:\/\/villadrawa.com\/index.php?rest_route=\/wp\/v2\/users\/1"}],"replies":[{"embeddable":true,"href":"https:\/\/villadrawa.com\/index.php?rest_route=%2Fwp%2Fv2%2Fcomments&post=2"}],"version-history":[{"count":8,"href":"https:\/\/villadrawa.com\/index.php?rest_route=\/wp\/v2\/pages\/2\/revisions"}],"predecessor-version":[{"id":163,"href":"https:\/\/villadrawa.com\/index.php?rest_route=\/wp\/v2\/pages\/2\/revisions\/163"}],"wp:attachment":[{"href":"https:\/\/villadrawa.com\/index.php?rest_route=%2Fwp%2Fv2%2Fmedia&parent=2"}],"curies":[{"name":"wp","href":"https:\/\/api.w.org\/{rel}","templated":true}]}}